{"id":2743,"date":"2021-06-06T15:48:04","date_gmt":"2021-06-06T13:48:04","guid":{"rendered":"http:\/\/www.brignoles-bijouterie.fr\/wp\/?page_id=2743"},"modified":"2021-06-06T15:48:04","modified_gmt":"2021-06-06T13:48:04","slug":"rachat-dor","status":"publish","type":"page","link":"https:\/\/www.brignoles-bijouterie.fr\/?page_id=2743","title":{"rendered":"Rachat d&#8217;or"},"content":{"rendered":"\n<p>En notre qualit\u00e9 de professionnel inscrit au r\u00e9pertoire des m\u00e9tiers et d\u00fbment enregistr\u00e9 aux services des douanes, nous nous permettons de vous donner quelques conseils issus de notre exp\u00e9rience.<\/p>\n\n\n\n<p><strong>Conseil n\u00b0 1<\/strong>&nbsp;:&nbsp;&nbsp;Ne vendez votre or que si vous avez besoin d&#8217;argent ou si vous ne voulez plus de bijoux or.<\/p>\n\n\n\n<p><strong>Conseil n\u00b0 2<\/strong>&nbsp;:&nbsp;Si vous avez des projets d&#8217;achat de bijoux or, il est plus interessant financi\u00e8rement pour vous de conserver vos vieux bijoux cass\u00e9s ou d\u00e9mod\u00e9s et de les faire transformer en bijoux neufs (rendez vous en boutique pour un devis gratuit).<\/p>\n\n\n\n<p>NB : avec du vieil or jaune, il est techniquement possible de fabriquer des bijoux en or gris et inversement.<\/p>\n\n\n\n<p><strong>Conseil n\u00b0 3&nbsp;<\/strong>&nbsp;:&nbsp;devant la flamb\u00e9e du cours de l&#8217;Or, des boutiques de rachats se sont install\u00e9es un peu partout avec pour certaines des offres sup\u00e9rieures au cours de l&#8217;or (!).<\/p>\n\n\n\n<p>Soyez vigilants.<\/p>\n\n\n\n<p>Attention aux envois par la poste ( parfois impossible de se r\u00e9tracter et donc de r\u00e9cup\u00e9rer vos bijoux) ; attention \u00e0 certaines soci\u00e9t\u00e9s qui viennent pour une journ\u00e9e dans votre ville (ch\u00e8que sans provision et plus personne le lendemain !).<\/p>\n\n\n\n<p>Nous rachetons l\u2019Or tous Karat et sous toutes ses formes :&nbsp;vieux bijoux ;&nbsp;broutilles ;&nbsp;d\u00e9bris ;&nbsp;or dentaire ;&nbsp;pi\u00e8ces fran\u00e7aises ou \u00e9trang\u00e8res.<\/p>\n\n\n\n<p>Le prix de reprise au gramme est affich\u00e9 en Boutique. Il s&#8217;agit d&#8217;un prix Net Vendeur donc pas de mauvaises surprise.<\/p>\n\n\n\n<p>La pes\u00e9e se fait devant vous sur balance d\u00fbment homologu\u00e9e.&nbsp;<\/p>\n\n\n\n<p>Apr\u00e8s analyse et d\u00e9termination du titrage, nous vous proposerons notre meilleur prix en fonction du cours d\u00e9duction faites des \u00e9ventuelles taxes et commissions<\/p>\n\n\n\n<p>Paiement imm\u00e9diat par ch\u00e8que obligatoire.&nbsp;Personne majeure, carte d\u2019identit\u00e9 exig\u00e9e.<\/p>\n","protected":false},"excerpt":{"rendered":"<p>En notre qualit\u00e9 de professionnel inscrit au r\u00e9pertoire des m\u00e9tiers et d\u00fbment enregistr\u00e9 aux services des douanes, nous nous permettons de vous donner quelques conseils issus de notre exp\u00e9rience. Conseil n\u00b0 1&nbsp;:&nbsp;&nbsp;Ne vendez votre or que si vous avez besoin d&#8217;argent ou si vous ne voulez plus de bijoux or.<\/p>\n","protected":false},"author":1,"featured_media":0,"parent":0,"menu_order":0,"comment_status":"closed","ping_status":"closed","template":"","meta":{"footnotes":""},"class_list":["post-2743","page","type-page","status-publish","hentry"],"_links":{"self":[{"href":"https:\/\/www.brignoles-bijouterie.fr\/index.php?rest_route=\/wp\/v2\/pages\/2743","targetHints":{"allow":["GET"]}}],"collection":[{"href":"https:\/\/www.brignoles-bijouterie.fr\/index.php?rest_route=\/wp\/v2\/pages"}],"about":[{"href":"https:\/\/www.brignoles-bijouterie.fr\/index.php?rest_route=\/wp\/v2\/types\/page"}],"author":[{"embeddable":true,"href":"https:\/\/www.brignoles-bijouterie.fr\/index.php?rest_route=\/wp\/v2\/users\/1"}],"replies":[{"embeddable":true,"href":"https:\/\/www.brignoles-bijouterie.fr\/index.php?rest_route=%2Fwp%2Fv2%2Fcomments&post=2743"}],"version-history":[{"count":1,"href":"https:\/\/www.brignoles-bijouterie.fr\/index.php?rest_route=\/wp\/v2\/pages\/2743\/revisions"}],"predecessor-version":[{"id":2744,"href":"https:\/\/www.brignoles-bijouterie.fr\/index.php?rest_route=\/wp\/v2\/pages\/2743\/revisions\/2744"}],"wp:attachment":[{"href":"https:\/\/www.brignoles-bijouterie.fr\/index.php?rest_route=%2Fwp%2Fv2%2Fmedia&parent=2743"}],"curies":[{"name":"wp","href":"https:\/\/api.w.org\/{rel}","templated":true}]}}