{"id":2749,"date":"2021-06-06T15:59:47","date_gmt":"2021-06-06T13:59:47","guid":{"rendered":"http:\/\/www.brignoles-bijouterie.fr\/wp\/?page_id=2749"},"modified":"2021-06-06T15:59:48","modified_gmt":"2021-06-06T13:59:48","slug":"latelier-de-brignoles-bijouterie","status":"publish","type":"page","link":"https:\/\/www.brignoles-bijouterie.fr\/?page_id=2749","title":{"rendered":"L&#8217;atelier de Brignoles Bijouterie"},"content":{"rendered":"\n<p class=\"has-text-align-center\"><strong>Nous sommes titulaire du titre d&#8217;Artisan et poss\u00e9dons un poin\u00e7on de Ma\u00eetre.<\/strong><\/p>\n\n\n\n<p class=\"has-text-align-center\"><strong>A ce titre, Brignoles Bijouterie est donc habilit\u00e9e \u00e0 r\u00e9aliser des fabrications de bijoux Or et ArgentR\u00e9parations :<\/strong><br><\/p>\n\n\n\n<p>Nous mettons tout notre savoir faire \u00e0 r\u00e9parer les bijoux or ou argent que vous aimez. Soudure, mise \u00e0 taille, remplacement de fermoir, remplacement de pierre\u2026<br>Gravure, rhodiage, dorure, passivation des m\u00e9taux !<br>Renfilage de collier de Perles ou de pierres<\/p>\n\n\n\n<p><strong>Certificat d&#8217;\u00e9valuation :<\/strong>\u00a0<\/p>\n\n\n\n<p>Vous avez des bijoux mais pas ou plus de facture. Pas de probl\u00e8me : nous \u00e9tablissons un certificat avec photos, description, analyse du m\u00e9tal et des pierres, \u00e9valuation au cours du jour. Ceci vous permettra de faire valoir avec certitude l&#8217;existence et la valeur de vos bijoux en cas de vol.Service payant, renseignement dans notre Boutique.Attention : \u00a0les conditions et montants de remboursement en cas de vol varient selon les assurances et les contrats.<\/p>\n\n\n\n<p><br><strong>Travail \u00e0 fa\u00e7on :<\/strong><\/p>\n\n\n\n<p>Nous transformons votre or en bijoux neuf. Amenez votre m\u00e9tal et ne payez que la fa\u00e7on. Gagnez ainsi de 30 \u00e0 50% sur le prix du bijou neuf.Devis gratuits\u00a0 sur pr\u00e9sentation de votre projet.\u00a0\u00a0<\/p>\n\n\n\n<p><strong>Montres :<\/strong><\/p>\n\n\n\n<p>Donnez un coup de jeune \u00e0 votre montre en changeant simplement de bracelet (cuir, acier, l\u00e9zard, galuchat).De multiples couleurs sont possibles.<br>Changement de pile.<\/p>\n\n\n\n<p><br>Un conseil\u00a0: lors d\u2019un changement de pile, pr\u00e9cisez si votre montre a besoin d\u2019une \u00e9tanch\u00e9it\u00e9.<br><\/p>\n\n\n\n<p>Devis pour r\u00e9vision de montre, de pendule ou d\u2019horloge.<\/p>\n","protected":false},"excerpt":{"rendered":"<p>Nous sommes titulaire du titre d&#8217;Artisan et poss\u00e9dons un poin\u00e7on de Ma\u00eetre. A ce titre, Brignoles Bijouterie est donc habilit\u00e9e \u00e0 r\u00e9aliser des fabrications de bijoux Or et ArgentR\u00e9parations : Nous mettons tout notre savoir faire \u00e0 r\u00e9parer les bijoux or ou argent que vous aimez. Soudure, mise \u00e0 taille,<\/p>\n","protected":false},"author":1,"featured_media":0,"parent":0,"menu_order":0,"comment_status":"closed","ping_status":"closed","template":"","meta":{"footnotes":""},"class_list":["post-2749","page","type-page","status-publish","hentry"],"_links":{"self":[{"href":"https:\/\/www.brignoles-bijouterie.fr\/index.php?rest_route=\/wp\/v2\/pages\/2749","targetHints":{"allow":["GET"]}}],"collection":[{"href":"https:\/\/www.brignoles-bijouterie.fr\/index.php?rest_route=\/wp\/v2\/pages"}],"about":[{"href":"https:\/\/www.brignoles-bijouterie.fr\/index.php?rest_route=\/wp\/v2\/types\/page"}],"author":[{"embeddable":true,"href":"https:\/\/www.brignoles-bijouterie.fr\/index.php?rest_route=\/wp\/v2\/users\/1"}],"replies":[{"embeddable":true,"href":"https:\/\/www.brignoles-bijouterie.fr\/index.php?rest_route=%2Fwp%2Fv2%2Fcomments&post=2749"}],"version-history":[{"count":1,"href":"https:\/\/www.brignoles-bijouterie.fr\/index.php?rest_route=\/wp\/v2\/pages\/2749\/revisions"}],"predecessor-version":[{"id":2750,"href":"https:\/\/www.brignoles-bijouterie.fr\/index.php?rest_route=\/wp\/v2\/pages\/2749\/revisions\/2750"}],"wp:attachment":[{"href":"https:\/\/www.brignoles-bijouterie.fr\/index.php?rest_route=%2Fwp%2Fv2%2Fmedia&parent=2749"}],"curies":[{"name":"wp","href":"https:\/\/api.w.org\/{rel}","templated":true}]}}