{"id":2972,"date":"2021-10-05T18:58:20","date_gmt":"2021-10-05T16:58:20","guid":{"rendered":"https:\/\/www.brignoles-bijouterie.fr\/wp\/?page_id=2972"},"modified":"2021-10-07T15:26:38","modified_gmt":"2021-10-07T13:26:38","slug":"frais-de-port","status":"publish","type":"page","link":"https:\/\/www.brignoles-bijouterie.fr\/?page_id=2972","title":{"rendered":"Frais de port et d\u00e9lais de livraison"},"content":{"rendered":"\n<ul class=\"wp-block-list\"><li>Les frais de port pour tout envoi de commande via ce site sont, forfaitairement de 10\u20ac.<\/li><li>D\u00e9lais de livraison : les d\u00e9lais de livraison sont de 15 jours \u00e0 partir de la date de commande et d\u00e9lais de livraison. Ils peuvent varier en fonction du stock disponible. Nous vous conseillons de nous appeler avant de finaliser la commande pour v\u00e9rifier ensemble ces d\u00e9lais. <\/li><\/ul>\n","protected":false},"excerpt":{"rendered":"<p>Les frais de port pour tout envoi de commande via ce site sont, forfaitairement de 10\u20ac. D\u00e9lais de livraison : les d\u00e9lais de livraison sont de 15 jours \u00e0 partir de la date de commande et d\u00e9lais de livraison. Ils peuvent varier en fonction du stock disponible. Nous vous conseillons<\/p>\n","protected":false},"author":1,"featured_media":0,"parent":0,"menu_order":0,"comment_status":"closed","ping_status":"closed","template":"","meta":{"footnotes":""},"class_list":["post-2972","page","type-page","status-publish","hentry"],"_links":{"self":[{"href":"https:\/\/www.brignoles-bijouterie.fr\/index.php?rest_route=\/wp\/v2\/pages\/2972","targetHints":{"allow":["GET"]}}],"collection":[{"href":"https:\/\/www.brignoles-bijouterie.fr\/index.php?rest_route=\/wp\/v2\/pages"}],"about":[{"href":"https:\/\/www.brignoles-bijouterie.fr\/index.php?rest_route=\/wp\/v2\/types\/page"}],"author":[{"embeddable":true,"href":"https:\/\/www.brignoles-bijouterie.fr\/index.php?rest_route=\/wp\/v2\/users\/1"}],"replies":[{"embeddable":true,"href":"https:\/\/www.brignoles-bijouterie.fr\/index.php?rest_route=%2Fwp%2Fv2%2Fcomments&post=2972"}],"version-history":[{"count":5,"href":"https:\/\/www.brignoles-bijouterie.fr\/index.php?rest_route=\/wp\/v2\/pages\/2972\/revisions"}],"predecessor-version":[{"id":3049,"href":"https:\/\/www.brignoles-bijouterie.fr\/index.php?rest_route=\/wp\/v2\/pages\/2972\/revisions\/3049"}],"wp:attachment":[{"href":"https:\/\/www.brignoles-bijouterie.fr\/index.php?rest_route=%2Fwp%2Fv2%2Fmedia&parent=2972"}],"curies":[{"name":"wp","href":"https:\/\/api.w.org\/{rel}","templated":true}]}}