{"id":2974,"date":"2021-10-05T18:58:46","date_gmt":"2021-10-05T16:58:46","guid":{"rendered":"https:\/\/www.brignoles-bijouterie.fr\/wp\/?page_id=2974"},"modified":"2022-11-10T10:50:04","modified_gmt":"2022-11-10T09:50:04","slug":"click-collect","status":"publish","type":"page","link":"https:\/\/www.brignoles-bijouterie.fr\/?page_id=2974","title":{"rendered":"Achat de lingot et lingotins"},"content":{"rendered":"\n<p>Brignoles Bijouterie vous permet l&#8217;achat de lingots et lingotins or fin de qualit\u00e9 999.9% sous forme d&#8217;un packaging inviolable, certifi\u00e9, ultra s\u00e9curis\u00e9 utilis\u00e9 dans le monde entier. <\/p>\n","protected":false},"excerpt":{"rendered":"<p>Brignoles Bijouterie vous permet l&#8217;achat de lingots et lingotins or fin de qualit\u00e9 999.9% sous forme d&#8217;un packaging inviolable, certifi\u00e9, ultra s\u00e9curis\u00e9 utilis\u00e9 dans le monde entier.<\/p>\n","protected":false},"author":1,"featured_media":3090,"parent":0,"menu_order":0,"comment_status":"closed","ping_status":"closed","template":"","meta":{"footnotes":""},"class_list":["post-2974","page","type-page","status-publish","has-post-thumbnail","hentry"],"_links":{"self":[{"href":"https:\/\/www.brignoles-bijouterie.fr\/index.php?rest_route=\/wp\/v2\/pages\/2974","targetHints":{"allow":["GET"]}}],"collection":[{"href":"https:\/\/www.brignoles-bijouterie.fr\/index.php?rest_route=\/wp\/v2\/pages"}],"about":[{"href":"https:\/\/www.brignoles-bijouterie.fr\/index.php?rest_route=\/wp\/v2\/types\/page"}],"author":[{"embeddable":true,"href":"https:\/\/www.brignoles-bijouterie.fr\/index.php?rest_route=\/wp\/v2\/users\/1"}],"replies":[{"embeddable":true,"href":"https:\/\/www.brignoles-bijouterie.fr\/index.php?rest_route=%2Fwp%2Fv2%2Fcomments&post=2974"}],"version-history":[{"count":3,"href":"https:\/\/www.brignoles-bijouterie.fr\/index.php?rest_route=\/wp\/v2\/pages\/2974\/revisions"}],"predecessor-version":[{"id":3092,"href":"https:\/\/www.brignoles-bijouterie.fr\/index.php?rest_route=\/wp\/v2\/pages\/2974\/revisions\/3092"}],"wp:featuredmedia":[{"embeddable":true,"href":"https:\/\/www.brignoles-bijouterie.fr\/index.php?rest_route=\/wp\/v2\/media\/3090"}],"wp:attachment":[{"href":"https:\/\/www.brignoles-bijouterie.fr\/index.php?rest_route=%2Fwp%2Fv2%2Fmedia&parent=2974"}],"curies":[{"name":"wp","href":"https:\/\/api.w.org\/{rel}","templated":true}]}}