{"id":948,"date":"2018-11-20T08:30:01","date_gmt":"2018-11-20T08:30:01","guid":{"rendered":"http:\/\/localhost\/Wordpress\/wp_origine\/?page_id=948"},"modified":"2021-10-12T17:40:51","modified_gmt":"2021-10-12T15:40:51","slug":"home-shop-1-coffee","status":"publish","type":"page","link":"https:\/\/www.brignoles-bijouterie.fr\/","title":{"rendered":"Home shop 1"},"content":{"rendered":"[vc_row css=&#8221;.vc_custom_1552543255610{margin-bottom: 0px !important;}&#8221;][vc_column el_class=&#8221;home1-slideshow&#8221;][vc_row_inner][vc_column_inner][\/vc_column_inner][\/vc_row_inner][\/vc_column][\/vc_row][vc_row el_class=&#8221;banner-1&#8243;][vc_column][vc_row_inner][vc_column_inner width=&#8221;1\/2&#8243;][vc_single_image image=&#8221;2823&#8243; img_size=&#8221;full&#8221; alignment=&#8221;center&#8221; onclick=&#8221;custom_link&#8221; link=&#8221;https:\/\/www.brignoles-bijouterie.fr\/?product_cat=mariage&#8221;][vc_column_text el_class=&#8221;txt-content txt-right&#8221;]\n<h5><span style=\"color: #333333;\">Bijoux<\/span><\/h5>\n<h5><span style=\"color: #333333;\">de mariage<\/span><\/h5>\n<p><a href=\"https:\/\/www.brignoles-bijouterie.fr\/?product_cat=mariage\" target=\"_blank\" rel=\"noopener noreferrer\">D\u00e9couvrez-les<\/a>[\/vc_column_text][\/vc_column_inner][vc_column_inner width=&#8221;1\/2&#8243;][vc_single_image image=&#8221;3069&#8243; img_size=&#8221;full&#8221; alignment=&#8221;center&#8221; onclick=&#8221;custom_link&#8221; link=&#8221;https:\/\/www.brignoles-bijouterie.fr\/?product_cat=chevalieres&#8221;][vc_column_text el_class=&#8221;txt-content txt-center&#8221;]\n<h5>Chevali\u00e8res<\/h5>\n<p><a href=\"https:\/\/www.brignoles-bijouterie.fr\/?product_cat=chevalieres\" target=\"_blank\" rel=\"noopener noreferrer\">D\u00e9couvrez-les<\/a>[\/vc_column_text][\/vc_column_inner][\/vc_row_inner][vc_row_inner][vc_column_inner width=&#8221;1\/2&#8243;][vc_single_image image=&#8221;2834&#8243; img_size=&#8221;full&#8221; alignment=&#8221;center&#8221; onclick=&#8221;custom_link&#8221; link=&#8221;https:\/\/www.brignoles-bijouterie.fr\/?product_cat=bagues&#8221;][vc_column_text el_class=&#8221;txt-content txt-center&#8221; css=&#8221;.vc_custom_1633702508883{padding-bottom: 0px !important;}&#8221;]\n<h5>Bagues<\/h5>\n<p><a href=\"https:\/\/www.brignoles-bijouterie.fr\/?product_cat=bagues\" target=\"_blank\" rel=\"noopener noreferrer\">D\u00e9couvrez-les<\/a>[\/vc_column_text][\/vc_column_inner][vc_column_inner width=&#8221;1\/2&#8243;][vc_single_image image=&#8221;2825&#8243; img_size=&#8221;full&#8221; alignment=&#8221;center&#8221; onclick=&#8221;custom_link&#8221; link=&#8221;https:\/\/www.brignoles-bijouterie.fr\/?product_cat=naissance&#8221;][vc_column_text el_class=&#8221;txt-content txt-right&#8221;]\n<h5>Naissance &#8211; Religion<\/h5>\n<p><a href=\"https:\/\/www.brignoles-bijouterie.fr\/?product_cat=naissance\" target=\"_blank\" rel=\"noopener noreferrer\">D\u00e9couvrez-les<\/a>[\/vc_column_text][\/vc_column_inner][\/vc_row_inner][\/vc_column][\/vc_row][vc_row full_width=&#8221;stretch_row&#8221; css=&#8221;.vc_custom_1556013665588{background-image: url(http:\/\/roadthemes.com\/api\/corano\/uploads\/2019\/04\/bg-testimonial.jpg?id=2111) !important;}&#8221; el_class=&#8221;testimonials-container&#8221;][vc_column]<div class=\"heading-title style1 \"><h3><span>Les avis de nos clients<\/span><\/h3><p>Ce qu'ils ont pens\u00e9 de leurs achats \u00e0 Brignoles Bijouterie<\/p><\/div><div class=\"testimonials-wrapper navigation-style1 style1\" data-navigation=0 data-pagination=1 data-speed=2 data-loop=1 data-auto=1>\t\t<div class=\"widget widget_woothemes_testimonials\">\n<div class=\"testimonials component effect-fade\">\n<div class=\"testimonials-list\">\n<div id=\"quote-308\" class=\"quote first no-image\" itemprop=\"review\" itemscope itemtype=\"http:\/\/schema.org\/Review\"><blockquote class=\"testimonials-text\" itemprop=\"reviewBody\"><p>Excellents professionnels, tr\u00e8s bon accueil, bon conseil et beaucoup de patience.<\/p>\n<\/blockquote> <cite class=\"author\" itemprop=\"author\" itemscope itemtype=\"http:\/\/schema.org\/Person\"><span itemprop=\"name\">Brigitte Barra<\/span> <span class=\"title\" itemprop=\"jobTitle\">Client<\/span><!--\/.title-->\n<\/cite><!--\/.author-->\n<\/div><div id=\"quote-3079\" class=\"quote last no-image\" itemprop=\"review\" itemscope itemtype=\"http:\/\/schema.org\/Review\"><blockquote class=\"testimonials-text\" itemprop=\"reviewBody\"><p>Super accueil, personnel tr\u00e8s serviable et patient au vue du travail de fourmis que j ai amener avec moi. Ajouter de riche explication est d une bonne ambiance j ai m\u00eame pass\u00e9 un bon moment. Je recommande.<\/p>\n<\/blockquote> <cite class=\"author\" itemprop=\"author\" itemscope itemtype=\"http:\/\/schema.org\/Person\"><span itemprop=\"name\">Romain de Prato<\/span> <span class=\"title\" itemprop=\"jobTitle\">client<\/span><!--\/.title-->\n<\/cite><!--\/.author-->\n<\/div><\/div><!--\/.testimonials-list-->\n<div class=\"fix\"><\/div>\n<\/div><!--\/.testimonials-->\n<\/div>\n\t\n\t<\/div>[\/vc_column][\/vc_row][vc_row][vc_column]<div class=\"heading-title style1 \"><h3><span>Nos articles<\/span><\/h3><\/div><div class=\"posts-carousel navigation-style1 style1 roadthemes-slider\" data-margin=20 data-1200up=3 data-992-1199=3 data-768-991=2 data-640-767=2 data-480-639=2 data-0-479=1 data-navigation=1 data-pagination=0 data-speed=500 data-loop=0 data-auto=0><div class=\"group\"><div class=\"item-col col-12 col-md-4 \"><div class=\"post-wrapper\"><div class=\"post-thumb\"><a href=\"https:\/\/www.brignoles-bijouterie.fr\/?p=3093\"><img loading=\"lazy\" decoding=\"async\" width=\"1110\" height=\"873\" src=\"https:\/\/www.brignoles-bijouterie.fr\/wp-content\/uploads\/2022\/11\/pub-vente-lingots-1110x873.jpg\" class=\"attachment-corano-post-thumbwide size-corano-post-thumbwide wp-post-image\" alt=\"\" srcset=\"https:\/\/www.brignoles-bijouterie.fr\/wp-content\/uploads\/2022\/11\/pub-vente-lingots-1110x873.jpg 1110w, https:\/\/www.brignoles-bijouterie.fr\/wp-content\/uploads\/2022\/11\/pub-vente-lingots-700x551.jpg 700w\" sizes=\"auto, (max-width: 1110px) 100vw, 1110px\" \/><\/a><\/div><div class=\"post-info\"><div class=\"post-meta\"><p class=\"post-author\">Par <a href=\"https:\/\/www.brignoles-bijouterie.fr\/?author=1\">admin <\/a><\/p><div class=\"post-category\"><span>in<\/span> <a href=\"https:\/\/www.brignoles-bijouterie.fr\/?cat=1\" rel=\"category\">Non Class\u00e9<\/a><\/div>\/ <div class=\"post-date\">novembre 10, 2022<\/div><p class=\"post-comment\"><\/p><\/div><h3 class=\"post-title\"><a href=\"https:\/\/www.brignoles-bijouterie.fr\/?p=3093\">Achat de lingots d&#8217;or<\/a><\/h3><div class=\"post-excerpt\"><\/div><a class=\"readmore\" href=\"https:\/\/www.brignoles-bijouterie.fr\/?p=3093\"><span>Lire la suite<\/span><\/a><\/div><\/div><\/div><\/div><div class=\"group\"><div class=\"item-col col-12 col-md-4 \"><div class=\"post-wrapper\"><div class=\"post-thumb\"><a href=\"https:\/\/www.brignoles-bijouterie.fr\/?p=1\"><img loading=\"lazy\" decoding=\"async\" width=\"1110\" height=\"873\" src=\"https:\/\/www.brignoles-bijouterie.fr\/wp-content\/uploads\/2021\/06\/tahlia-doyle-R5wsYX-xEZI-unsplash-1110x873.jpg\" class=\"attachment-corano-post-thumbwide size-corano-post-thumbwide wp-post-image\" alt=\"\" srcset=\"https:\/\/www.brignoles-bijouterie.fr\/wp-content\/uploads\/2021\/06\/tahlia-doyle-R5wsYX-xEZI-unsplash.jpg 1110w, https:\/\/www.brignoles-bijouterie.fr\/wp-content\/uploads\/2021\/06\/tahlia-doyle-R5wsYX-xEZI-unsplash-300x236.jpg 300w, https:\/\/www.brignoles-bijouterie.fr\/wp-content\/uploads\/2021\/06\/tahlia-doyle-R5wsYX-xEZI-unsplash-1024x805.jpg 1024w, https:\/\/www.brignoles-bijouterie.fr\/wp-content\/uploads\/2021\/06\/tahlia-doyle-R5wsYX-xEZI-unsplash-768x604.jpg 768w, https:\/\/www.brignoles-bijouterie.fr\/wp-content\/uploads\/2021\/06\/tahlia-doyle-R5wsYX-xEZI-unsplash-700x551.jpg 700w, https:\/\/www.brignoles-bijouterie.fr\/wp-content\/uploads\/2021\/06\/tahlia-doyle-R5wsYX-xEZI-unsplash-600x472.jpg 600w, https:\/\/www.brignoles-bijouterie.fr\/wp-content\/uploads\/2021\/06\/tahlia-doyle-R5wsYX-xEZI-unsplash-150x118.jpg 150w\" sizes=\"auto, (max-width: 1110px) 100vw, 1110px\" \/><\/a><\/div><div class=\"post-info\"><div class=\"post-meta\"><p class=\"post-author\">Par <a href=\"https:\/\/www.brignoles-bijouterie.fr\/?author=1\">admin <\/a><\/p><div class=\"post-category\"><span>in<\/span> <a href=\"https:\/\/www.brignoles-bijouterie.fr\/?cat=1\" rel=\"category\">Non Class\u00e9<\/a><\/div>\/ <div class=\"post-date\">septembre 30, 2021<\/div><p class=\"post-comment\"><\/p><\/div><h3 class=\"post-title\"><a href=\"https:\/\/www.brignoles-bijouterie.fr\/?p=1\">Travail \u00e0 fa\u00e7on<\/a><\/h3><div class=\"post-excerpt\"><p>Utilisez vos vieux bijoux cass\u00e9s ou d\u00e9mod\u00e9s pour r\u00e9aliser des bijoux neufs ! Vous ne payez que<\/p>\n<\/div><a class=\"readmore\" href=\"https:\/\/www.brignoles-bijouterie.fr\/?p=1\"><span>Lire la suite<\/span><\/a><\/div><\/div><\/div><\/div><div class=\"group\"><div class=\"item-col col-12 col-md-4 \"><div class=\"post-wrapper\"><div class=\"post-thumb\"><a href=\"https:\/\/www.brignoles-bijouterie.fr\/?p=312\"><img loading=\"lazy\" decoding=\"async\" width=\"1110\" height=\"873\" src=\"https:\/\/www.brignoles-bijouterie.fr\/wp-content\/uploads\/2018\/04\/syed-f-hashemi-aldDZePniqg-unsplash-1110x873.jpg\" class=\"attachment-corano-post-thumbwide size-corano-post-thumbwide wp-post-image\" alt=\"\" srcset=\"https:\/\/www.brignoles-bijouterie.fr\/wp-content\/uploads\/2018\/04\/syed-f-hashemi-aldDZePniqg-unsplash.jpg 1110w, https:\/\/www.brignoles-bijouterie.fr\/wp-content\/uploads\/2018\/04\/syed-f-hashemi-aldDZePniqg-unsplash-300x236.jpg 300w, https:\/\/www.brignoles-bijouterie.fr\/wp-content\/uploads\/2018\/04\/syed-f-hashemi-aldDZePniqg-unsplash-1024x805.jpg 1024w, https:\/\/www.brignoles-bijouterie.fr\/wp-content\/uploads\/2018\/04\/syed-f-hashemi-aldDZePniqg-unsplash-768x604.jpg 768w, https:\/\/www.brignoles-bijouterie.fr\/wp-content\/uploads\/2018\/04\/syed-f-hashemi-aldDZePniqg-unsplash-700x551.jpg 700w, https:\/\/www.brignoles-bijouterie.fr\/wp-content\/uploads\/2018\/04\/syed-f-hashemi-aldDZePniqg-unsplash-600x472.jpg 600w, https:\/\/www.brignoles-bijouterie.fr\/wp-content\/uploads\/2018\/04\/syed-f-hashemi-aldDZePniqg-unsplash-150x118.jpg 150w\" sizes=\"auto, (max-width: 1110px) 100vw, 1110px\" \/><\/a><\/div><div class=\"post-info\"><div class=\"post-meta\"><p class=\"post-author\">Par <a href=\"https:\/\/www.brignoles-bijouterie.fr\/?author=1\">admin <\/a><\/p><div class=\"post-category\"><span>in<\/span> <a href=\"https:\/\/www.brignoles-bijouterie.fr\/?cat=1\" rel=\"category\">Non Class\u00e9<\/a><\/div>\/ <div class=\"post-date\">septembre 30, 2021<\/div><p class=\"post-comment\"><\/p><\/div><h3 class=\"post-title\"><a href=\"https:\/\/www.brignoles-bijouterie.fr\/?p=312\">Or 18K ou 9K : c&#8217;est quoi ?<\/a><\/h3><div class=\"post-excerpt\"><p>Le Karat est une unit\u00e9 de mesure de la puret\u00e9 du bijou ; il vous permet de savoir qu&#8217;elle est<\/p>\n<\/div><a class=\"readmore\" href=\"https:\/\/www.brignoles-bijouterie.fr\/?p=312\"><span>Lire la suite<\/span><\/a><\/div><\/div><\/div><\/div><\/div>[\/vc_column][\/vc_row]\n","protected":false},"excerpt":{"rendered":"<p>[vc_row css=&#8221;.vc_custom_1552543255610{margin-bottom: 0px !important;}&#8221;][vc_column el_class=&#8221;home1-slideshow&#8221;][vc_row_inner][vc_column_inner][\/vc_column_inner][\/vc_row_inner][\/vc_column][\/vc_row][vc_row el_class=&#8221;banner-1&#8243;][vc_column][vc_row_inner][vc_column_inner width=&#8221;1\/2&#8243;][vc_single_image image=&#8221;2823&#8243; img_size=&#8221;full&#8221; alignment=&#8221;center&#8221; onclick=&#8221;custom_link&#8221; link=&#8221;https:\/\/www.brignoles-bijouterie.fr\/?product_cat=mariage&#8221;][vc_column_text el_class=&#8221;txt-content txt-right&#8221;] Bijoux de mariage D\u00e9couvrez-les[\/vc_column_text][\/vc_column_inner][vc_column_inner width=&#8221;1\/2&#8243;][vc_single_image image=&#8221;3069&#8243; img_size=&#8221;full&#8221; alignment=&#8221;center&#8221; onclick=&#8221;custom_link&#8221; link=&#8221;https:\/\/www.brignoles-bijouterie.fr\/?product_cat=chevalieres&#8221;][vc_column_text el_class=&#8221;txt-content txt-center&#8221;] Chevali\u00e8res D\u00e9couvrez-les[\/vc_column_text][\/vc_column_inner][\/vc_row_inner][vc_row_inner][vc_column_inner width=&#8221;1\/2&#8243;][vc_single_image image=&#8221;2834&#8243; img_size=&#8221;full&#8221; alignment=&#8221;center&#8221; onclick=&#8221;custom_link&#8221; link=&#8221;https:\/\/www.brignoles-bijouterie.fr\/?product_cat=bagues&#8221;][vc_column_text el_class=&#8221;txt-content txt-center&#8221; css=&#8221;.vc_custom_1633702508883{padding-bottom: 0px !important;}&#8221;] Bagues D\u00e9couvrez-les[\/vc_column_text][\/vc_column_inner][vc_column_inner width=&#8221;1\/2&#8243;][vc_single_image image=&#8221;2825&#8243; img_size=&#8221;full&#8221; alignment=&#8221;center&#8221; onclick=&#8221;custom_link&#8221; link=&#8221;https:\/\/www.brignoles-bijouterie.fr\/?product_cat=naissance&#8221;][vc_column_text el_class=&#8221;txt-content txt-right&#8221;] Naissance<\/p>\n","protected":false},"author":1,"featured_media":0,"parent":0,"menu_order":0,"comment_status":"closed","ping_status":"closed","template":"page-templates\/front-page.php","meta":{"footnotes":""},"class_list":["post-948","page","type-page","status-publish","hentry"],"_links":{"self":[{"href":"https:\/\/www.brignoles-bijouterie.fr\/index.php?rest_route=\/wp\/v2\/pages\/948","targetHints":{"allow":["GET"]}}],"collection":[{"href":"https:\/\/www.brignoles-bijouterie.fr\/index.php?rest_route=\/wp\/v2\/pages"}],"about":[{"href":"https:\/\/www.brignoles-bijouterie.fr\/index.php?rest_route=\/wp\/v2\/types\/page"}],"author":[{"embeddable":true,"href":"https:\/\/www.brignoles-bijouterie.fr\/index.php?rest_route=\/wp\/v2\/users\/1"}],"replies":[{"embeddable":true,"href":"https:\/\/www.brignoles-bijouterie.fr\/index.php?rest_route=%2Fwp%2Fv2%2Fcomments&post=948"}],"version-history":[{"count":33,"href":"https:\/\/www.brignoles-bijouterie.fr\/index.php?rest_route=\/wp\/v2\/pages\/948\/revisions"}],"predecessor-version":[{"id":3084,"href":"https:\/\/www.brignoles-bijouterie.fr\/index.php?rest_route=\/wp\/v2\/pages\/948\/revisions\/3084"}],"wp:attachment":[{"href":"https:\/\/www.brignoles-bijouterie.fr\/index.php?rest_route=%2Fwp%2Fv2%2Fmedia&parent=948"}],"curies":[{"name":"wp","href":"https:\/\/api.w.org\/{rel}","templated":true}]}}