{"id":2885,"date":"2021-09-27T12:02:34","date_gmt":"2021-09-27T10:02:34","guid":{"rendered":"https:\/\/www.brignoles-bijouterie.fr\/wp\/?post_type=product&#038;p=2885"},"modified":"2024-07-09T04:05:50","modified_gmt":"2024-07-09T02:05:50","slug":"alliance-effet-diamante","status":"publish","type":"product","link":"https:\/\/www.brignoles-bijouterie.fr\/?product=alliance-effet-diamante","title":{"rendered":"Alliance effet diamant\u00e9"},"content":{"rendered":"","protected":false},"excerpt":{"rendered":"<p>Alliance cisel\u00e9e composant un effet diamant\u00e9<\/p>\n<p>Existe en Or jaune et rose et en plusieurs largeur.<\/p>\n<p>Prix\u00a0 sur devis en fonction de la largeur et de la taille du doigt<\/p>\n","protected":false},"featured_media":2886,"comment_status":"open","ping_status":"closed","template":"","meta":[],"product_cat":[150],"product_tag":[170],"class_list":{"0":"post-2885","1":"product","2":"type-product","3":"status-publish","4":"has-post-thumbnail","6":"product_cat-mariage","7":"product_tag-2930gb","9":"first","10":"instock","11":"shipping-taxable","12":"product-type-simple"},"_links":{"self":[{"href":"https:\/\/www.brignoles-bijouterie.fr\/index.php?rest_route=\/wp\/v2\/product\/2885","targetHints":{"allow":["GET"]}}],"collection":[{"href":"https:\/\/www.brignoles-bijouterie.fr\/index.php?rest_route=\/wp\/v2\/product"}],"about":[{"href":"https:\/\/www.brignoles-bijouterie.fr\/index.php?rest_route=\/wp\/v2\/types\/product"}],"replies":[{"embeddable":true,"href":"https:\/\/www.brignoles-bijouterie.fr\/index.php?rest_route=%2Fwp%2Fv2%2Fcomments&post=2885"}],"wp:featuredmedia":[{"embeddable":true,"href":"https:\/\/www.brignoles-bijouterie.fr\/index.php?rest_route=\/wp\/v2\/media\/2886"}],"wp:attachment":[{"href":"https:\/\/www.brignoles-bijouterie.fr\/index.php?rest_route=%2Fwp%2Fv2%2Fmedia&parent=2885"}],"wp:term":[{"taxonomy":"product_cat","embeddable":true,"href":"https:\/\/www.brignoles-bijouterie.fr\/index.php?rest_route=%2Fwp%2Fv2%2Fproduct_cat&post=2885"},{"taxonomy":"product_tag","embeddable":true,"href":"https:\/\/www.brignoles-bijouterie.fr\/index.php?rest_route=%2Fwp%2Fv2%2Fproduct_tag&post=2885"}],"curies":[{"name":"wp","href":"https:\/\/api.w.org\/{rel}","templated":true}]}}