{"id":2939,"date":"2021-10-05T16:50:10","date_gmt":"2021-10-05T14:50:10","guid":{"rendered":"https:\/\/www.brignoles-bijouterie.fr\/wp\/?post_type=product&#038;p=2939"},"modified":"2025-09-20T15:22:54","modified_gmt":"2025-09-20T13:22:54","slug":"chevaliere-onyx","status":"publish","type":"product","link":"https:\/\/www.brignoles-bijouterie.fr\/?product=chevaliere-onyx","title":{"rendered":"Chevali\u00e8re onyx"},"content":{"rendered":"","protected":false},"excerpt":{"rendered":"<p>Chevali\u00e8re or jaune 750\u00e8me,<\/p>\n<p>Prix pour taille 62, poids environ 5.82g. Initiales gothiques. Existe en 3 tailles de plateau.<\/p>\n<p>Prix variable selon taille du doigt. Possibilit\u00e9 de travail \u00e0 fa\u00e7on ( apportez l&#8217;or et\u00a0 payez uniquement la main d&#8217;oeuvre ). Nous consulter.<\/p>\n","protected":false},"featured_media":2940,"comment_status":"closed","ping_status":"closed","template":"","meta":[],"product_cat":[149],"product_tag":[179],"class_list":{"0":"post-2939","1":"product","2":"type-product","3":"status-publish","4":"has-post-thumbnail","6":"product_cat-chevalieres","7":"product_tag-47970m","9":"first","10":"instock","11":"shipping-taxable","12":"product-type-simple"},"_links":{"self":[{"href":"https:\/\/www.brignoles-bijouterie.fr\/index.php?rest_route=\/wp\/v2\/product\/2939","targetHints":{"allow":["GET"]}}],"collection":[{"href":"https:\/\/www.brignoles-bijouterie.fr\/index.php?rest_route=\/wp\/v2\/product"}],"about":[{"href":"https:\/\/www.brignoles-bijouterie.fr\/index.php?rest_route=\/wp\/v2\/types\/product"}],"replies":[{"embeddable":true,"href":"https:\/\/www.brignoles-bijouterie.fr\/index.php?rest_route=%2Fwp%2Fv2%2Fcomments&post=2939"}],"wp:featuredmedia":[{"embeddable":true,"href":"https:\/\/www.brignoles-bijouterie.fr\/index.php?rest_route=\/wp\/v2\/media\/2940"}],"wp:attachment":[{"href":"https:\/\/www.brignoles-bijouterie.fr\/index.php?rest_route=%2Fwp%2Fv2%2Fmedia&parent=2939"}],"wp:term":[{"taxonomy":"product_cat","embeddable":true,"href":"https:\/\/www.brignoles-bijouterie.fr\/index.php?rest_route=%2Fwp%2Fv2%2Fproduct_cat&post=2939"},{"taxonomy":"product_tag","embeddable":true,"href":"https:\/\/www.brignoles-bijouterie.fr\/index.php?rest_route=%2Fwp%2Fv2%2Fproduct_tag&post=2939"}],"curies":[{"name":"wp","href":"https:\/\/api.w.org\/{rel}","templated":true}]}}