{"id":2947,"date":"2021-10-05T17:06:05","date_gmt":"2021-10-05T15:06:05","guid":{"rendered":"https:\/\/www.brignoles-bijouterie.fr\/wp\/?post_type=product&#038;p=2947"},"modified":"2025-09-20T15:22:04","modified_gmt":"2025-09-20T13:22:04","slug":"chevaliere-diamant","status":"publish","type":"product","link":"https:\/\/www.brignoles-bijouterie.fr\/?product=chevaliere-diamant","title":{"rendered":"Chevali\u00e8re diamant"},"content":{"rendered":"","protected":false},"excerpt":{"rendered":"<p>Chevali\u00e8re bicolore or 750\u00e8me avec diamant 0.04ct<\/p>\n<p>Prix pour une taille 62, poids d&#8217;environ 6.3g.<\/p>\n<p>Prix variable selon taille du doigt. Possibilit\u00e9 de travail \u00e0 fa\u00e7on ( apporter l&#8217;or et ne payez uniquement la main d&#8217;oeuvre ). Nous consulter!<\/p>\n","protected":false},"featured_media":2948,"comment_status":"closed","ping_status":"closed","template":"","meta":[],"product_cat":[149],"product_tag":[183],"class_list":{"0":"post-2947","1":"product","2":"type-product","3":"status-publish","4":"has-post-thumbnail","6":"product_cat-chevalieres","7":"product_tag-1003gb","9":"first","10":"instock","11":"shipping-taxable","12":"product-type-simple"},"_links":{"self":[{"href":"https:\/\/www.brignoles-bijouterie.fr\/index.php?rest_route=\/wp\/v2\/product\/2947","targetHints":{"allow":["GET"]}}],"collection":[{"href":"https:\/\/www.brignoles-bijouterie.fr\/index.php?rest_route=\/wp\/v2\/product"}],"about":[{"href":"https:\/\/www.brignoles-bijouterie.fr\/index.php?rest_route=\/wp\/v2\/types\/product"}],"replies":[{"embeddable":true,"href":"https:\/\/www.brignoles-bijouterie.fr\/index.php?rest_route=%2Fwp%2Fv2%2Fcomments&post=2947"}],"wp:featuredmedia":[{"embeddable":true,"href":"https:\/\/www.brignoles-bijouterie.fr\/index.php?rest_route=\/wp\/v2\/media\/2948"}],"wp:attachment":[{"href":"https:\/\/www.brignoles-bijouterie.fr\/index.php?rest_route=%2Fwp%2Fv2%2Fmedia&parent=2947"}],"wp:term":[{"taxonomy":"product_cat","embeddable":true,"href":"https:\/\/www.brignoles-bijouterie.fr\/index.php?rest_route=%2Fwp%2Fv2%2Fproduct_cat&post=2947"},{"taxonomy":"product_tag","embeddable":true,"href":"https:\/\/www.brignoles-bijouterie.fr\/index.php?rest_route=%2Fwp%2Fv2%2Fproduct_tag&post=2947"}],"curies":[{"name":"wp","href":"https:\/\/api.w.org\/{rel}","templated":true}]}}