{"id":2964,"date":"2021-10-05T17:35:14","date_gmt":"2021-10-05T15:35:14","guid":{"rendered":"https:\/\/www.brignoles-bijouterie.fr\/wp\/?post_type=product&#038;p=2964"},"modified":"2025-09-20T15:21:10","modified_gmt":"2025-09-20T13:21:10","slug":"chevaliere-onyx-diamant","status":"publish","type":"product","link":"https:\/\/www.brignoles-bijouterie.fr\/?product=chevaliere-onyx-diamant","title":{"rendered":"Chevali\u00e8re onyx diamant"},"content":{"rendered":"","protected":false},"excerpt":{"rendered":"<p>Chevali\u00e8re onyx diamant 0.02ct, or jaune 750\u00e8me<\/p>\n<p>Prix pour taille 62 et poids d&#8217;environ 3.28g<\/p>\n<p>Prix variable selon taille du doigt. Possibilit\u00e9 de travail \u00e0 fa\u00e7on ( apportez l&#8217;or et\u00a0 payez uniquement la main d&#8217;oeuvre ). Nous consulter.<\/p>\n<p>Existe \u00e9galement en diff\u00e9rente taille d&#8217;onyx<\/p>\n","protected":false},"featured_media":2965,"comment_status":"closed","ping_status":"closed","template":"","meta":[],"product_cat":[149],"product_tag":[191],"class_list":{"0":"post-2964","1":"product","2":"type-product","3":"status-publish","4":"has-post-thumbnail","6":"product_cat-chevalieres","7":"product_tag-48913b","9":"first","10":"instock","11":"shipping-taxable","12":"product-type-simple"},"_links":{"self":[{"href":"https:\/\/www.brignoles-bijouterie.fr\/index.php?rest_route=\/wp\/v2\/product\/2964","targetHints":{"allow":["GET"]}}],"collection":[{"href":"https:\/\/www.brignoles-bijouterie.fr\/index.php?rest_route=\/wp\/v2\/product"}],"about":[{"href":"https:\/\/www.brignoles-bijouterie.fr\/index.php?rest_route=\/wp\/v2\/types\/product"}],"replies":[{"embeddable":true,"href":"https:\/\/www.brignoles-bijouterie.fr\/index.php?rest_route=%2Fwp%2Fv2%2Fcomments&post=2964"}],"wp:featuredmedia":[{"embeddable":true,"href":"https:\/\/www.brignoles-bijouterie.fr\/index.php?rest_route=\/wp\/v2\/media\/2965"}],"wp:attachment":[{"href":"https:\/\/www.brignoles-bijouterie.fr\/index.php?rest_route=%2Fwp%2Fv2%2Fmedia&parent=2964"}],"wp:term":[{"taxonomy":"product_cat","embeddable":true,"href":"https:\/\/www.brignoles-bijouterie.fr\/index.php?rest_route=%2Fwp%2Fv2%2Fproduct_cat&post=2964"},{"taxonomy":"product_tag","embeddable":true,"href":"https:\/\/www.brignoles-bijouterie.fr\/index.php?rest_route=%2Fwp%2Fv2%2Fproduct_tag&post=2964"}],"curies":[{"name":"wp","href":"https:\/\/api.w.org\/{rel}","templated":true}]}}